{"id":8,"date":"2021-05-03T17:59:11","date_gmt":"2021-05-03T15:59:11","guid":{"rendered":"http:\/\/www.coroliricosiciliano.com\/?page_id=8"},"modified":"2021-08-04T09:40:28","modified_gmt":"2021-08-04T07:40:28","slug":"2014-2","status":"publish","type":"page","link":"https:\/\/coroliricosiciliano.com\/?page_id=8","title":{"rendered":"2014"},"content":{"rendered":"\n<p><strong>La Sicilia 03\/11\/2014<\/strong><\/p>\n\n\n\n<p>IL CORO LIRICO SICILIANO TRIONFA IN CINA<\/p>\n\n\n\n<p>\u201cIl Coro Lirico Siciliano, diretto da Francesco Costa, si \u00e8 distinto particolarmente, avendo ricevuto critiche positive da parte di alcuni tra i maggiori e pi\u00f9 rappresentativi critici cinesi\u201d<\/p>\n\n\n\n<p><strong>La Sicilia 23\/08\/2014<\/strong><\/p>\n\n\n\n<p>L\u2019INAUGURAZIONE CON IL \u201cBELLINI MASCAGNI OPERA GALA\u201d<\/p>\n\n\n\n<p>&#8220;&#8230;L&#8217;inaugurazione avr\u00e0 luogo il 2 settembre alle 21,30 al Teatro Antico di Taormina con il &#8220;Bellini Mascagni Opera Gala&#8221;, che vedr\u00e0 in primo piano il Coro Lirico Siciliano, definito dalla critica &#8220;una delle migliori realt\u00e0 liriche d&#8217;Italia&#8221;&#8230;&#8221;<\/p>\n\n\n\n<p><strong>LA SICILIA, settembre 2014, Sergio Sciacca<\/strong><\/p>\n\n\n\n<p>BELLINI MASCAGNI OPERA GALA<\/p>\n\n\n\n<p>&#8220;&#8230;i risonanti intermezzi corali del Coro Lirico Siciliano creato da Francesco Costa, da lui diretto e portato a grande rilievo internazionale&#8230;&#8221;<\/p>\n\n\n\n<p><strong>\u201cPREMIO ORFEO\u201d SETTEMBRE 2014<\/strong><\/p>\n\n\n\n<p>Grande riconoscimento al CORO LIRICO SICILIANO diretto da Francesco Costa. Premio &#8220;Orfeo&#8221; 2014 e consegna della Medaglia di Rappresentanza della Presidenza della Repubblica per i grandi meriti e le qualit\u00e0 artistiche.<\/p>\n\n\n\n<p><strong>La Sicilia 23\/06\/2014<\/strong><\/p>\n\n\n\n<p>IL CORO LIRICO SICILIANO A TAORMINA E SIRACUSA<\/p>\n\n\n\n<p>&#8220;&#8230; E quando si parla di grande musica un ruolo di assoluto rilievo spetta proprio alla compagine corale, che si fa spesso protagonista sul piano e musicale e scenico. Perci\u00f2 Castiglione, regista-scenografo e di direttore artistico della sezione &#8220;Musica e Danza&#8221; di Taormina Arte, ha riconfermato l&#8217;impegno con il prestigioso Coro Lirico Siciliano, una delle migliori realt\u00e0 d&#8217;Italia, gi\u00e0 collaudato nelle precedenti stagioni realizzate dallo stesso Castiglione al Teatro antico di Taormina e al Teatro greco romano di Catania&#8230; &#8220;<\/p>\n\n\n\n<p><strong>La Sicilia, 4 Agosto 2014 Sergio Sciacca<\/strong><\/p>\n\n\n\n<p>&#8220;&#8230; Assolutamente impeccabile il Coro Lirico Siciliano condotto da Francesco Costa che adesso costituisce una delle realt\u00e0 canore pi\u00f9 sicure del panorama nazionale.<\/p>\n\n\n\n<p><strong>L&#8217;OPERA, settembre 2014 a firma di G. Montemagno<\/strong><\/p>\n\n\n\n<p>Stagione Lirica 2014 del Teatro Antico di Taormina, Coro Lirico Siciliano diretto da Francesco Costa.<br>Cavalleria Rusticana, Pagliacci, Tosca.<\/p>\n\n\n\n<p>&#8220;&#8230; la compattezza di suono del Coro Lirico Siciliano, sensibile alla direzione di Francesco Costa, che scolpisce il formidabile crescendo della Preghiera all&#8217;Inno pasquale in Cavalleria&#8230;&#8221;<br>&#8220;&#8230;la vibrante scena delle campane in Pagliacci&#8230;&#8221;<br>&#8220;&#8230; In Tosca, la comprovata esperienza della compagine corale&#8230;&#8221;<\/p>\n\n\n\n<p><strong>La Sicilia, 07\/09\/2014 Sergio Sciacca<\/strong><\/p>\n\n\n\n<p>FESTIVAL BELLINIANO 2014 diretto da Enrico Castiglione con il CORO LIRICO SICILIANO<br>&#8220;&#8230; il Coro Lirico diretto da Francesco Costa \u00e8 ormai una realt\u00e0 artistica di esperienza&#8230;&#8221;<\/p>\n\n\n\n<p><strong>BELLINI NEWS &nbsp;Recensione a firma di GIULIANA CUTORE 13\/07\/2014<\/strong><\/p>\n\n\n\n<p>&#8220;&#8230;Infine, davvero eccezionale la prova fornita dal Coro Lirico Siciliano, diretto dal maestro Francesco Costa: finalmente un coro che adempiva il ruolo del coro d&#8217;opera, personaggio a tutto diritto, ma al tempo stesso quasi commento all&#8217;azione, com&#8217;era nella tragedia greca. Misurato nella vocalit\u00e0, corposo nell&#8217;emissione, non sovrastava mai, ma si inseriva tra cantanti ed orchestra seguendone passo passo le esigenze, contribuendo a creare un magico amalgama sonoro che ha offerto all&#8217;enorme pubblico presente momenti di assoluto incanto e musicalit\u00e0.&#8221;<\/p>\n\n\n\n<p><strong>GIORNALE DI SICILIA, agosto 2014, servizio di Maria Teresa La Via<\/strong><\/p>\n\n\n\n<p>Cavalleria Rusticana e Pagliacci<\/p>\n\n\n\n<p>&#8220;Grande la maturit\u00e0 musicale e interpretativa dimostrata dal Coro Lirico Siciliano istruito da Francesco Costa&#8221;<\/p>\n\n\n\n<p><strong>IL SOLE 24 ORE, 13 luglio 2014 STEFANO BIOLCHINI<\/strong><\/p>\n\n\n\n<p>PRIMA DI AIDA DI G. VERDI DEL 12 LUGLIO 2014 PRESSO IL TEATRO GRECO DI SIRACUSA<\/p>\n\n\n\n<p>&#8220;&#8230; Costantemente buona la prova del coro del giovanissimo maestro Francesco Costa&#8230;&#8221;<\/p>\n\n\n\n<p><strong>La Sicilia, 13\/07\/2014 Sergio Sciacca<\/strong><\/p>\n\n\n\n<p>AIDA ANDATA IN SCENA PRESSO IL TEATRO GRECO DI SIRACUSA IL 12 LUGLIO 2014<\/p>\n\n\n\n<p><strong>&#8220;&#8230; Un discorso a parte merita il coro, bene addestrato da Francesco Costa, efficace soprattutto nelle sezioni vocali pi\u00f9 basse.<br>A questo si deve la riuscita delle parate militari che tradizionalmente costituiscono i momenti pi\u00f9 spettacolari della creazione.&#8221;<\/strong><\/p>\n\n\n\n<p><strong>\u201cProspettive\u201d, 21\/12\/2014 A. Blandini<\/strong><\/p>\n\n\n\n<p>CONCERTO BELLINIANO REALIZZATO A CATANIA IL 30 NOVEMBRE 2014<\/p>\n\n\n\n<p>&#8220;&#8230;concerto belliniano eseguito con straordinaria bravura e professionalit\u00e0 dal Coro Lirico Siciliano&#8230;&#8221;<\/p>\n\n\n\n<p><strong>La Sicilia, 15\/08\/2014 A. Formosa<\/strong><\/p>\n\n\n\n<p>CARMINA BURANA E MISA CRIOLLA<\/p>\n\n\n\n<p>&#8220;&#8230; il Coro Lirico Siciliano istruito dal giovane maestro Francesco Costa e presieduto da Alberto Munaf\u00f2 ha raggiunto livelli di preminenza internazionale nel settore&#8230;&#8221;<\/p>\n\n\n\n<p><strong>L&#8217;OPERA, settembre 2014 a firma di G. Montemagno<\/strong><\/p>\n\n\n\n<p>CAVALLERIA RUSTICANA, PAGLIACCI, TOSCA.<\/p>\n\n\n\n<p>&#8220;&#8230; la compattezza di suono del Coro Lirico Siciliano, sensibile alla direzione di Francesco Costa, che scolpisce il formidabile crescendo della Preghiera all&#8217;Inno pasquale in Cavalleria&#8230;&#8221;<br>&#8220;&#8230;la vibrante scena delle campane in Pagliacci&#8230;&#8221;<br>&#8220;&#8230; In Tosca, la comprovata esperienza della compagine corale&#8230;&#8221;<\/p>\n\n\n\n<p><strong>Corriere dello Spettacolo, 22\/05\/2014 Laura Cavallaro<\/strong><\/p>\n\n\n\n<p><strong>ECCE MATER TUA&#8230; FEMMINICIDIO, STRAGE SILENZIOSA &#8211; REQUIEM KV626 DI W. A. MOZART<\/strong><\/p>\n\n\n\n<p>\u201c\u2026si dimostra ancora unavolta all\u2019altezza del compito prefisso. Si poteva rintracciare sin dalle prime battute la grandiosit\u00e0 del Coro, ma in particolare nella parte conclusiva del Requiem, dove la fusione con l\u2019orchestra creava un effetto maestoso e di sacralit\u00e0\u2026\u201d<\/p>\n\n\n\n<p><strong>IL CORRIERE MUSICALE 14\/08\/2014 S. Calabr\u00f2<\/strong><\/p>\n\n\n\n<p><strong>TOSCA DI G. PUCCINI ANDATA IN SCENA PRESSO IL TEATRO ANTICO DI TAORMINA IL 9,11 E 13 AGOSTO 2014<\/strong><\/p>\n\n\n\n<p>&#8220;&#8230; Innanzitutto il pregevole Coro Lirico Siciliano diretto da Francesco Costa&#8230;&#8221;<\/p>\n","protected":false},"excerpt":{"rendered":"<p>La Sicilia 03\/11\/2014 IL CORO LIRICO SICILIANO TRIONFA IN CINA \u201cIl Coro Lirico Siciliano, diretto da Francesco Costa, si \u00e8 distinto particolarmente, avendo ricevuto critiche positive da parte di alcuni tra i maggiori e pi\u00f9 rappresentativi critici cinesi\u201d La Sicilia 23\/08\/2014 L\u2019INAUGURAZIONE CON IL \u201cBELLINI&#8230;<\/p>\n","protected":false},"author":1,"featured_media":0,"parent":0,"menu_order":0,"comment_status":"closed","ping_status":"closed","template":"","meta":{"footnotes":""},"class_list":["post-8","page","type-page","status-publish","hentry"],"_links":{"self":[{"href":"https:\/\/coroliricosiciliano.com\/index.php?rest_route=\/wp\/v2\/pages\/8","targetHints":{"allow":["GET"]}}],"collection":[{"href":"https:\/\/coroliricosiciliano.com\/index.php?rest_route=\/wp\/v2\/pages"}],"about":[{"href":"https:\/\/coroliricosiciliano.com\/index.php?rest_route=\/wp\/v2\/types\/page"}],"author":[{"embeddable":true,"href":"https:\/\/coroliricosiciliano.com\/index.php?rest_route=\/wp\/v2\/users\/1"}],"replies":[{"embeddable":true,"href":"https:\/\/coroliricosiciliano.com\/index.php?rest_route=%2Fwp%2Fv2%2Fcomments&post=8"}],"version-history":[{"count":1,"href":"https:\/\/coroliricosiciliano.com\/index.php?rest_route=\/wp\/v2\/pages\/8\/revisions"}],"predecessor-version":[{"id":9,"href":"https:\/\/coroliricosiciliano.com\/index.php?rest_route=\/wp\/v2\/pages\/8\/revisions\/9"}],"wp:attachment":[{"href":"https:\/\/coroliricosiciliano.com\/index.php?rest_route=%2Fwp%2Fv2%2Fmedia&parent=8"}],"curies":[{"name":"wp","href":"https:\/\/api.w.org\/{rel}","templated":true}]}}