{"id":18,"date":"2021-05-03T18:08:20","date_gmt":"2021-05-03T16:08:20","guid":{"rendered":"http:\/\/www.coroliricosiciliano.com\/?page_id=18"},"modified":"2021-05-03T18:08:20","modified_gmt":"2021-05-03T16:08:20","slug":"francesco-costa","status":"publish","type":"page","link":"https:\/\/coroliricosiciliano.com\/?page_id=18","title":{"rendered":"Francesco Costa"},"content":{"rendered":"\n<p><img decoding=\"async\" width=\"150\" height=\"225\" class=\"wp-image-19\" style=\"width: 150px;\" src=\"https:\/\/coroliricosiciliano.com\/wp-content\/uploads\/2021\/05\/FrancescoCosta.jpg\" alt=\"\" srcset=\"https:\/\/coroliricosiciliano.com\/wp-content\/uploads\/2021\/05\/FrancescoCosta.jpg 640w, https:\/\/coroliricosiciliano.com\/wp-content\/uploads\/2021\/05\/FrancescoCosta-200x300.jpg 200w\" sizes=\"(max-width: 150px) 100vw, 150px\" \/>Cantante lirico, maestro di coro, compositore, attualmente riveste il ruolo di maestro del coro titolare del <strong>Coro Lirico Siciliano<\/strong>, del <strong>Coro di Voci Bianche \u201cPueri Cantores Maenarum\u201d <\/strong>e del <strong>Coro dell&#8217;Ersu dell&#8217;Universit\u00e0 degli Studi di Messina<\/strong>. Dopo gli studi di canto lirico e pianoforte si \u00e8 perfezionato in canto lirico con Giovanna Collica, soprano e ortofonista. Si dedica da anni a un&#8217;intensa attivit\u00e0 concertistica; notevole anche l&#8217;attivit\u00e0 e compositiva, in particolare nell&#8217;ambito della musica sacra. Ha ricevuto diversi riconoscimenti, tra cui l&#8217; <strong>\u201cInternational Opera Award \u2013 Oscar della Lirica\u201d <\/strong>(per la prima volta nella storia del premio assegnato a un maestro di coro) il \u201cPremio Internazionale Sicilia Il Paladino\u201d (quarantennale della manifestazione), il Premio Speciale dell&#8217;Accademia di Belle Arti di Catania, il Premio Belliniano 2015, il \u201cPremio Ambasciatore del Belcanto\u201d e il premio \u201cSotto la Cupola\u201d. \u00c8 direttore artistico e musicale delle manifestazioni \u201cFestival Luigi Capuana\u201d, \u201cSicanorum Cantica\u201d, \u201cPremio Canticorum Sacerdos\u201d che si svolgono, annualmente, con l&#8217;Alto Apprezzamento del <strong>Presidente della Repubblica,<\/strong> <strong>Presidente del Senato, Presidente della Camera dei<br>Deputati <\/strong>e col Patrocinio del <strong>Presidente del Consiglio.<br><\/strong>Ha collaborato, tra gli altri, con <strong>Donato Renzetti, Peter Tiboris, Steven Mercurio, L\u00fc Jia, Muhai Tang, Giuliano Carella, Marius Stravinsky, <\/strong>Gianluca Martinenghi, <strong>David Gimenez, Jos\u00e9 Carreras, Gregory Kunde, Daniela Dess\u00ec, Maria Dragoni, Denia Mazzola Gavazzeni, Marcello Giordani, Fabio Armiliato, Sonia Ganassi, Giovanna Casolla, Alberto Gazale, Piero Giuliacci, Alessandro Corbelli, Luciana D&#8217;Intino, John Osborn, Guo Shu Zhen, Enrique Batiz, Giancarlo Del Monaco, Fioretta Mari, Dimitra Theodossiou, Pietro Ballo, Carlo Colombara, <\/strong>Domenico De Meo, Mons. Giuseppe Liberto, Mons. Marco Frisina, <strong>Comitato Pietro Mascagni, Taormina Arte, Taormina Opera Festival, Bellini Festival, Cappella Musicale Pontificia Sistina, Ente Luglio Musicale Trapanese, Fondazione Orchestra Sinfonica Siciliana, Teatro Comunale di Bologna, Teatro \u201cVincenzo Bellini\u201d di Catania, Bellini Festival, Settimana Internazionale di Musica Sacra di Monreale, Macao International Music Festival, Turkish National Philarmonic, Hangzhou Philarmonic, Macao Orchestra, Oper Schenkenberg, Astra Theatre, Malta Philarmonic Orchestra, Harbin Grand Theatre e Tian Jin Opera House, Chicago Opera, Teatro Regio di Parma, Teatro Carlo Felice di Genova, Teatro dell&#8217;Opera di Roma, Teatro Regio di Torino.<br><\/strong>Accanto all&#8217;intensa attivit\u00e0 concertistica, si dedica alla ricerca, studio, revisione e valorizzazione di lavori di musicisti meno noti e delle pagine pi\u00f9 rare del repertorio sacro e operistico: ha portato alla luce composizioni inedite di <strong>V. Moscuzza, P. Mandanici, Laya <\/strong>(su testi di L. Capuana), <strong>Neglia, Casalaina <\/strong>e, in particolare, ha curato una manifestazione dedicata all&#8217;opera lirica <strong>\u201cZAIRA\u201d <\/strong>di <strong>Vincenzo Bellini <\/strong>con la straordinaria partecipazione di alcuni interpreti della Prima Mondiale Assoluta del 1976. Della stessa opera ha curato la <strong>revisione e trascrizione <\/strong>per il \u201cBellini Festival\u201d di Catania. Dello stesso Bellini ha curato la riedizione e diretto in <strong>prima assoluta <\/strong>diverse composizioni di musica sacra (Litanie Pastorali in onore della Beata Vergine e I Versetti del Venerd\u00ec Santo le ultime opere affrontate), affermandosi come <\/p>\n\n\n\n<p>uno dei maggiori interpreti del dettato belliniano, anche nella musica sacra e da camera, oltre che nell&#8217;opera.<br>E&#8217; stato chiamato a comporre, tra l&#8217;altro, l&#8217;Inno della Citt\u00e0 di Barcellona Pozzo di Gotto (Inaugurazione Teatro \u201cPlacido Mandanici\u201d), l&#8217;Inno per il 125\u00b0 anniversario della della Congregazione Rogazionista e l&#8217;opera \u201cCantantibus Organis\u201d, un estratto della quale trasmesso da <strong>RAI2 <\/strong>e dalla <strong>RadioTelevisione Vaticana <\/strong>dalla Basilica di S. Pietro in Roma alla presenza del Pontefice <strong>S. S. Benedetto XVI <\/strong>in occasione dell&#8217;apertura del Sinodo dei Vescovi per l&#8217;Africa.<\/p>\n\n\n\n<p>E&#8217; Maestro del Coro delle produzioni di Taormina Arte e della Fondazione Taormina Opera Festival e, in particolare, ha istruito il coro, tra gli altri, per: Bellini Opera Gala, Norma di V. Bellini, Carmina Burana di C. Orff, Rigoletto di G. Verdi, Cavalleria Rusticana di P. Mascagni, Pagliacci di R. Leoncavallo, Nabucco, Boh\u00e9me, Mercedes di Agostino Pepoli (Prima Esecuzione Mondiale in collaborazione con il Teatro Comunale di Bologna), Aida, Tosca, Messa di Requiem e Messa dell&#8217;Incoronazione di Mozart, Carmen di Bizet, Don Giovanni di Mozart, Il Barbiere di Siviglia di Rossini, spaziando dal repertorio barocco fino ai giorni nostri sia come maestro del coro che come direttore d&#8217;orchestra. Ha curato a Catania le manifestazioni per il centenario di Britten (Britten 100). Molte di queste rappresentazioni sono state regolarmente <strong>trasmesse in diretta in mondovisione e in differita dalla BBC, dalla RAI e da SKY (Rai 5 e Rai1), nei circuiti cinematografici <\/strong>e presentate al <strong>Festival del Cinema di Cannes <\/strong>e sono state <strong>registrate in alta definizione e vendute in dvd <\/strong>in edicola.<\/p>\n\n\n\n<p>Per il Macao International Music Festival <strong>ha composto la Missa Sanctae Ceciliae<\/strong>, presentata in Prima Mondiale Assoluta a Macao e <strong>trasmessa in diretta dalla televisione cinese. <\/strong>Per lo stesso festival, sotto la direzione artistica di Lu Jia, ha diretto due importanti concerti, nel 2014 e nel 2015.<br>E&#8217; stato ottimamente recensito dai pi\u00f9 importanti quotidiani e televisioni a livello nazionale <strong>(TG1 RAIUNO, Il Corriere della Sera, La Repubblica, Il Sole 24 Ore) <\/strong>e regionale <strong>(Antenna Sicilia, La Sicilia, Il Giornale di Sicilia, La Gazzetta del Sud) <\/strong>e dalle pi\u00f9 importanti riviste di opera, tra cui <strong>L&#8217;Opera<\/strong>.<\/p>\n\n\n\n<p>Il noto critico d&#8217;opera italiano <strong>Enrico Stinchelli <\/strong>ha definito il Coro Lirico Siciliano, da lui istruito, \u201c<strong>spettacolare<\/strong>\u201d.<br>Ha curato la <strong>incisione di un cd <\/strong>che raggruppa brani dell&#8217;800 dedicati a Sant&#8217;Agata, diffuso insieme al quotidiano <strong>\u201cLa Sicilia\u201d.<\/strong><\/p>\n\n\n\n<p>\u00c8 stato nominato Maestro del Coro del <strong>Puccini Festival <\/strong>in occasione del <strong>Primer Festival Pucciniano de Latinoam\u00e9rica <\/strong>svoltosi in Nicaragua nel febbraio 2016 e Maestro del Coro del <strong>Teatro Politeama Greco di Lecce<\/strong>.<br>Nel 2017 ha inaugurato il Teatro dell&#8217;Opera di Harbin, in Cina, con un gala di Capodanno con la straordinaria partecipazione del tenore <strong>Jos\u00e9 Carreras. <\/strong>Nello stesso anno ha istruito il Coro Lirico Siciliano in Aida e La Traviata con la regia di <strong>Franco Zeffirelli <\/strong>e per la serata de \u201cLe Stelle della Lirica\u201d in occasione degli \u201c<strong>International Opera Awards \u2013 Oscar della Lirica<\/strong>\u201d, un evento trasmesso dalla tv di stato cinese di fronte a un miliardo e mezzo di spettatori.<\/p>\n","protected":false},"excerpt":{"rendered":"<p>Cantante lirico, maestro di coro, compositore, attualmente riveste il ruolo di maestro del coro titolare del Coro Lirico Siciliano, del Coro di Voci Bianche \u201cPueri Cantores Maenarum\u201d e del Coro dell&#8217;Ersu dell&#8217;Universit\u00e0 degli Studi di Messina. Dopo gli studi di canto lirico e pianoforte si&#8230;<\/p>\n","protected":false},"author":1,"featured_media":0,"parent":0,"menu_order":0,"comment_status":"closed","ping_status":"closed","template":"","meta":{"footnotes":""},"class_list":["post-18","page","type-page","status-publish","hentry"],"_links":{"self":[{"href":"https:\/\/coroliricosiciliano.com\/index.php?rest_route=\/wp\/v2\/pages\/18","targetHints":{"allow":["GET"]}}],"collection":[{"href":"https:\/\/coroliricosiciliano.com\/index.php?rest_route=\/wp\/v2\/pages"}],"about":[{"href":"https:\/\/coroliricosiciliano.com\/index.php?rest_route=\/wp\/v2\/types\/page"}],"author":[{"embeddable":true,"href":"https:\/\/coroliricosiciliano.com\/index.php?rest_route=\/wp\/v2\/users\/1"}],"replies":[{"embeddable":true,"href":"https:\/\/coroliricosiciliano.com\/index.php?rest_route=%2Fwp%2Fv2%2Fcomments&post=18"}],"version-history":[{"count":1,"href":"https:\/\/coroliricosiciliano.com\/index.php?rest_route=\/wp\/v2\/pages\/18\/revisions"}],"predecessor-version":[{"id":20,"href":"https:\/\/coroliricosiciliano.com\/index.php?rest_route=\/wp\/v2\/pages\/18\/revisions\/20"}],"wp:attachment":[{"href":"https:\/\/coroliricosiciliano.com\/index.php?rest_route=%2Fwp%2Fv2%2Fmedia&parent=18"}],"curies":[{"name":"wp","href":"https:\/\/api.w.org\/{rel}","templated":true}]}}