{"id":16090,"date":"2024-08-22T19:37:31","date_gmt":"2024-08-22T17:37:31","guid":{"rendered":"https:\/\/www.coroliricosiciliano.com\/?page_id=16090"},"modified":"2024-08-22T19:37:31","modified_gmt":"2024-08-22T17:37:31","slug":"morricone-tribute-noto","status":"publish","type":"page","link":"https:\/\/coroliricosiciliano.com\/?page_id=16090","title":{"rendered":"Morricone tribute noto"},"content":{"rendered":"\n<p><strong> RECUPERO DATA PRESSO L&#8217;ARA DI IERONE IL 31 AGOSTO 2024 ALLE ORE 21<\/strong><\/p>\n\n\n\n<p>Ieri sera, a Noto, \u00e8 accaduto qualcosa di incredibile e gravissimo: una vera e propria mortificazione per l&#8217;arte e la musica di qualit\u00e0 che da sempre connota gli eventi firmati Coro Lirico Siciliano.<\/p>\n\n\n\n<p><\/p>\n\n\n\n<p>CAPIENZA SCALINATA \u2013 BIGLIETTI EMESSI<\/p>\n\n\n\n<p>La scalinata della Cattedrale \u00e8 stata ufficialmente autorizzata dalla Commissione Comunale di Vigilanza sui Locali di Pubblico Spettacolo per 2.000 posti (si allega foto della licenza) e l&#8217;organizzazione ha, legittimamente, venduto 1.980 biglietti, addirittura meno dei posti autorizzati (si allegano le foto dei modelli C1 delle biglietterie). La vendita dei biglietti, inoltre, \u00e8 stata gi\u00e0 chiusa in data 17 Agosto, in vista del tutto esaurito. Si tratta di biglietti elettronici e quindi tracciati e non modificabili.<\/p>\n\n\n\n<p><\/p>\n\n\n\n<p>BLOCCO DEGLI ACCESSI DA PARTE DELL&#8217;AUTORITA&#8217; DI PUBBLICA SICUREZZA<\/p>\n\n\n\n<p>Entrate 1.360 persone, certificate dalle applicazioni di TicketOne (di cui si allega la foto, proprio a testimoniare la trasparenza della nostra organizzazione) il Funzionario di Polizia ha deciso che venissero bloccati gli ingressi, lasciando fuori per oltre 1 ora il pubblico che aveva acquistato regolarmente il biglietto, e che aveva gi\u00e0 fatto lunghe file sia per strada che per poter parcheggiare, in quanto anche la gestione del traffico e dei parcheggi, a detta di una parte del pubblico, non \u00e8 stata ragionata e organizzata al meglio, probabilmente sottovalutando la portata dell&#8217;evento, che ha portato a Noto un gran numero di spettatori.Nonostante l&#8217;organizzazione abbia fatto verificare alle Forze di Polizia direttamente le applicazioni di conteggio degli ingressi, nulla \u00e8 stato possibile fare in merito, in quanto l&#8217;ultima parola sugli ingressi spetta alle Autorit\u00e0 di Pubblica Sicurezza, che hanno deciso, senza possibilit\u00e0 di replica, di chiudere gli accessi.A quel punto, \u00e8 stato comunicato alle medesime autorit\u00e0 che l&#8217;evento sarebbe iniziato, per rispetto del pubblico presente e per superiori ragioni di ordine pubblico, e che chi non era riuscito a entrare sarebbe stato rimborsato immediatamente o avrebbe potuto assistere agli altri eventi organizzati in 30 diversi siti in tutta la regione, ma, purtroppo, le &#8211; pur legittime &#8211; proteste di chi non era riuscito a entrare non hanno consentito lo svolgimento regolare del concerto in sicurezza, per cui l&#8217;evento \u00e8 stato annullato.\u00c8 evidente che nessuna responsabilit\u00e0 pu\u00f2 essere ascritta all&#8217;organizzazione, in quanto \u00e8 stata data dalle Autorit\u00e0 preposte una capienza, ampiamente rispettata, che, evidentemente, \u00e8 sovrastimata rispetto ai posti effettivamente disponibili.Oppure le Autorit\u00e0 di Pubblica Sicurezza hanno deciso di chiudere i cancelli prima che la effettiva capienza fosse stata raggiunta.<\/p>\n\n\n\n<p><\/p>\n\n\n\n<p>PERIZIA DELLA EFFETTIVA CAPIENZA DEL SITO<\/p>\n\n\n\n<p>Secondo una stima effettuata da tecnici incaricati stamane, infatti, risulterebbe una capienza massima effettiva di 1.300, 1.400 persone, e, in questo caso, ci riserveremo ogni opportuna azione a tutela della nostra immagine, che \u00e8 stata fortemente danneggiata da una gestione della serata che sicuramente poteva essere migliore, con particolare riferimento alla sicurezza: ieri sera, a Noto, in molti hanno avuto la sensazione che lo Stato non fosse presente per come avrebbe dovuto e che gli standard di sicurezza non fossero rispettati.<\/p>\n\n\n\n<p>Sar\u00e0, inoltre, cura della nostra organizzazione accertare gli effettivi ingressi presso la scalinata essendo stata scritturata per procedere ai controlli degli accessi una delle ditte di sicurezza accreditate presso la Citt\u00e0 di Noto e regolarmente iscritta negli albi della Prefettura, in quanto gli unici accrediti disposti, oltre a un esiguo numero di giornalisti, \u00e8 stato quello richiesto, in congruo numero, dall&#8217;Amministrazione Comunale.<\/p>\n\n\n\n<p><\/p>\n\n\n\n<p>RECUPERO DATA PRESSO L&#8217;ARA DI IERONE IL 31 AGOSTO<\/p>\n\n\n\n<p>A confermare la qualit\u00e0 indiscussa, la seriet\u00e0 e l&#8217;amore incondizionato del Coro Lirico Siciliano verso il suo pubblico, che sta affollando i vari eventi, \u00e8 possibile utilizzare il biglietto acquistato per la data del 21 Agosto per accedere direttamente al nuovo evento che sar\u00e0 dato presso l&#8217;Ara di Ierone, all&#8217;interno e grazie alla collaborazione del Parco archeologico di Siracusa, il prossimo 31 Agosto 2024 alle ore 21.Sicuramente uno spazio allestito con tutti i posti a sedere e adeguatamente servito per poter ospitare un evento concertistico di questo tipo.<\/p>\n\n\n\n<p><\/p>\n\n\n\n<p>RIMBORSO BIGLIETTI <\/p>\n\n\n\n<p>Pur se non per nostra responsabilit\u00e0, dunque, ma per responsabilit\u00e0 che saranno stabilite dalle Autorit\u00e0 competenti, comunichiamo che tutti i biglietti saranno regolarmente validi per la nuova data del 31 Agosto alle ore 21 presso l&#8217;Ara di Ierone a Siracusa.Qualora si preferisca ricevere il rimborso dei biglietti, e quindi non usufruire della nuova data, si potr\u00e0 procedere secondo le consuete modalit\u00e0, entro e non oltre il 29 Agosto 2024:<\/p>\n\n\n\n<p>1. Chi ha acquistato su TicketOne potr\u00e0 utilizzare la procedura prevista presso il seguente indirizzo: <a rel=\"noreferrer noopener\" href=\"https:\/\/l.facebook.com\/l.php?u=https%3A%2F%2Fwww.ticketone.it%2Fcampaign%2Finfo-rimborsi%3Ffbclid%3DIwZXh0bgNhZW0CMTAAAR2mxGBWTGD1HyjVLkjf77GLZUhrjsIWeI9MIshxju395my2cCD7ITqYDfU_aem_ok6gWoC6PJ3keBSnBGeEZQ&amp;h=AT2LV4xBWC-rzs8VWCzJcyn2ygmPvWlH9ZOy2_IxgUz3NU9YPAQGapgW5Rj74KTR_w9QfmzmqlIpgtYKcvPguXL_UioM2TshPiaGSF1EeoWBsVazC1aM1Pi5FoqxqJvmXGfaxmI&amp;__tn__=-UK-R&amp;c[0]=AT1guvBilCV30-5T4-IPyvldQzcZIdLBTlKqjdRkQiuX1vw8V_QoxrurTaN0v8CUofALQXS46LDoC2fFlJQAFq9roZtsyexq4X6K10HL10R0f9-_sE770V0YgC89kkSTVkEVKEi1-we18F_RxsgqZ6zmSV7wSrdhoILGIASikux2_Ps8oed50Zy5HJegM3jZ2QnWilMsV1MgUBSGocFa6KepIw\" target=\"_blank\">https:\/\/www.ticketone.it\/campaign\/info-rimborsi<\/a>.<\/p>\n\n\n\n<p>2. Chi ha acquistato su Box Office Sicilia potr\u00e0 scrivere una mail all&#8217;indirizzo boxofficesicilia@gmail.com,<\/p>\n\n\n\n<p>3. Chi ha acquistato su Tickettando potr\u00e0 scrivere una mail all&#8217;indirizzo assistenza@tickettando.it,<\/p>\n\n\n\n<p>4. Chi ha acquistato direttamente presso uno dei canali del Coro Lirico Siciliano potr\u00e0 scrivere a biglietteria@coroliricosiciliano.com o scrivere al numero WhatsApp 327 714 69 58.<\/p>\n\n\n\n<p><strong>Il rimborso potr\u00e0 essere richiesto entro il 29 Agosto 2024<\/strong>.Ci scusiamo con il nostro gentile pubblico, che, come sempre, ci ha seguito numerosissimo nel corso di tutto il Festival, regalandoci oltre 30 mila presenze nei maggiori teatri, parchi e siti archeologici della Sicilia.Ci dispiace molto che scelte improprie, sovrastime, gravi errori di valutazione e una gestione dell&#8217;Ordine Pubblico forse migliorabile, abbiano rovinato uno splendido evento che aveva registrato, come tutti gli altri, un magnifico tutto esaurito da tempo e lavoreremo alacremente affinch\u00e9 cose del genere non abbiano mai pi\u00f9 a verificarsi.Infine chiederemo, anche nelle sedi pi\u00f9 opportune, piena chiarezza sull&#8217;accaduto per tutelare il nostro pubblico e l&#8217;immagine di un Ente, il Coro Lirico Siciliano, da sempre sinonimo di qualit\u00e0, correttezza e professionalit\u00e0.<\/p>\n\n\n\n<p><\/p>\n\n\n\n<figure class=\"wp-block-gallery columns-3 wp-block-gallery-1 is-layout-flex wp-block-gallery-is-layout-flex\"><ul class=\"blocks-gallery-grid\"><li class=\"blocks-gallery-item\"><figure><a href=\"https:\/\/coroliricosiciliano.com\/wp-content\/uploads\/2024\/08\/1-456648155_1019479136224517_1334769937822851238_n.jpg\"><img fetchpriority=\"high\" decoding=\"async\" width=\"300\" height=\"300\" src=\"https:\/\/coroliricosiciliano.com\/wp-content\/uploads\/2024\/08\/1-456648155_1019479136224517_1334769937822851238_n-300x300.jpg\" alt=\"\" data-id=\"16091\" data-full-url=\"https:\/\/coroliricosiciliano.com\/wp-content\/uploads\/2024\/08\/1-456648155_1019479136224517_1334769937822851238_n.jpg\" data-link=\"https:\/\/coroliricosiciliano.com\/?attachment_id=16091\" class=\"wp-image-16091\" srcset=\"https:\/\/coroliricosiciliano.com\/wp-content\/uploads\/2024\/08\/1-456648155_1019479136224517_1334769937822851238_n-300x300.jpg 300w, https:\/\/coroliricosiciliano.com\/wp-content\/uploads\/2024\/08\/1-456648155_1019479136224517_1334769937822851238_n-1024x1024.jpg 1024w, https:\/\/coroliricosiciliano.com\/wp-content\/uploads\/2024\/08\/1-456648155_1019479136224517_1334769937822851238_n-150x150.jpg 150w, https:\/\/coroliricosiciliano.com\/wp-content\/uploads\/2024\/08\/1-456648155_1019479136224517_1334769937822851238_n-768x768.jpg 768w, https:\/\/coroliricosiciliano.com\/wp-content\/uploads\/2024\/08\/1-456648155_1019479136224517_1334769937822851238_n-1536x1536.jpg 1536w, https:\/\/coroliricosiciliano.com\/wp-content\/uploads\/2024\/08\/1-456648155_1019479136224517_1334769937822851238_n.jpg 2048w, https:\/\/coroliricosiciliano.com\/wp-content\/uploads\/2024\/08\/1-456648155_1019479136224517_1334769937822851238_n-570x570.jpg 570w, https:\/\/coroliricosiciliano.com\/wp-content\/uploads\/2024\/08\/1-456648155_1019479136224517_1334769937822851238_n-500x500.jpg 500w, https:\/\/coroliricosiciliano.com\/wp-content\/uploads\/2024\/08\/1-456648155_1019479136224517_1334769937822851238_n-1000x1000.jpg 1000w, https:\/\/coroliricosiciliano.com\/wp-content\/uploads\/2024\/08\/1-456648155_1019479136224517_1334769937822851238_n-700x700.jpg 700w\" sizes=\"(max-width: 300px) 100vw, 300px\" \/><\/a><\/figure><\/li><li class=\"blocks-gallery-item\"><figure><a href=\"https:\/\/coroliricosiciliano.com\/wp-content\/uploads\/2024\/08\/2-456447936_1019479042891193_6092975642621369254_n.jpg\"><img decoding=\"async\" width=\"204\" height=\"300\" src=\"https:\/\/coroliricosiciliano.com\/wp-content\/uploads\/2024\/08\/2-456447936_1019479042891193_6092975642621369254_n-204x300.jpg\" alt=\"\" data-id=\"16092\" data-full-url=\"https:\/\/coroliricosiciliano.com\/wp-content\/uploads\/2024\/08\/2-456447936_1019479042891193_6092975642621369254_n.jpg\" data-link=\"https:\/\/coroliricosiciliano.com\/?attachment_id=16092\" class=\"wp-image-16092\" srcset=\"https:\/\/coroliricosiciliano.com\/wp-content\/uploads\/2024\/08\/2-456447936_1019479042891193_6092975642621369254_n-204x300.jpg 204w, https:\/\/coroliricosiciliano.com\/wp-content\/uploads\/2024\/08\/2-456447936_1019479042891193_6092975642621369254_n-695x1024.jpg 695w, https:\/\/coroliricosiciliano.com\/wp-content\/uploads\/2024\/08\/2-456447936_1019479042891193_6092975642621369254_n-768x1132.jpg 768w, https:\/\/coroliricosiciliano.com\/wp-content\/uploads\/2024\/08\/2-456447936_1019479042891193_6092975642621369254_n-1042x1536.jpg 1042w, https:\/\/coroliricosiciliano.com\/wp-content\/uploads\/2024\/08\/2-456447936_1019479042891193_6092975642621369254_n-700x1032.jpg 700w, https:\/\/coroliricosiciliano.com\/wp-content\/uploads\/2024\/08\/2-456447936_1019479042891193_6092975642621369254_n.jpg 1051w\" sizes=\"(max-width: 204px) 100vw, 204px\" \/><\/a><\/figure><\/li><li class=\"blocks-gallery-item\"><figure><a href=\"https:\/\/coroliricosiciliano.com\/wp-content\/uploads\/2024\/08\/3-456400131_1019478989557865_7600426205851512348_n.jpg\"><img decoding=\"async\" width=\"140\" height=\"300\" src=\"https:\/\/coroliricosiciliano.com\/wp-content\/uploads\/2024\/08\/3-456400131_1019478989557865_7600426205851512348_n-140x300.jpg\" alt=\"\" data-id=\"16093\" data-full-url=\"https:\/\/coroliricosiciliano.com\/wp-content\/uploads\/2024\/08\/3-456400131_1019478989557865_7600426205851512348_n.jpg\" data-link=\"https:\/\/coroliricosiciliano.com\/?attachment_id=16093\" class=\"wp-image-16093\" srcset=\"https:\/\/coroliricosiciliano.com\/wp-content\/uploads\/2024\/08\/3-456400131_1019478989557865_7600426205851512348_n-140x300.jpg 140w, https:\/\/coroliricosiciliano.com\/wp-content\/uploads\/2024\/08\/3-456400131_1019478989557865_7600426205851512348_n-477x1024.jpg 477w, https:\/\/coroliricosiciliano.com\/wp-content\/uploads\/2024\/08\/3-456400131_1019478989557865_7600426205851512348_n-716x1536.jpg 716w, https:\/\/coroliricosiciliano.com\/wp-content\/uploads\/2024\/08\/3-456400131_1019478989557865_7600426205851512348_n-700x1501.jpg 700w, https:\/\/coroliricosiciliano.com\/wp-content\/uploads\/2024\/08\/3-456400131_1019478989557865_7600426205851512348_n.jpg 746w\" sizes=\"(max-width: 140px) 100vw, 140px\" \/><\/a><\/figure><\/li><li class=\"blocks-gallery-item\"><figure><a href=\"https:\/\/coroliricosiciliano.com\/wp-content\/uploads\/2024\/08\/4-456380338_1019479019557862_1256767587072281898_n.jpg\"><img loading=\"lazy\" decoding=\"async\" width=\"724\" height=\"1024\" src=\"https:\/\/coroliricosiciliano.com\/wp-content\/uploads\/2024\/08\/4-456380338_1019479019557862_1256767587072281898_n-724x1024.jpg\" alt=\"\" data-id=\"16094\" data-full-url=\"https:\/\/coroliricosiciliano.com\/wp-content\/uploads\/2024\/08\/4-456380338_1019479019557862_1256767587072281898_n.jpg\" data-link=\"https:\/\/coroliricosiciliano.com\/?attachment_id=16094\" class=\"wp-image-16094\" srcset=\"https:\/\/coroliricosiciliano.com\/wp-content\/uploads\/2024\/08\/4-456380338_1019479019557862_1256767587072281898_n-724x1024.jpg 724w, https:\/\/coroliricosiciliano.com\/wp-content\/uploads\/2024\/08\/4-456380338_1019479019557862_1256767587072281898_n-212x300.jpg 212w, https:\/\/coroliricosiciliano.com\/wp-content\/uploads\/2024\/08\/4-456380338_1019479019557862_1256767587072281898_n-768x1086.jpg 768w, https:\/\/coroliricosiciliano.com\/wp-content\/uploads\/2024\/08\/4-456380338_1019479019557862_1256767587072281898_n-1086x1536.jpg 1086w, https:\/\/coroliricosiciliano.com\/wp-content\/uploads\/2024\/08\/4-456380338_1019479019557862_1256767587072281898_n-700x990.jpg 700w, https:\/\/coroliricosiciliano.com\/wp-content\/uploads\/2024\/08\/4-456380338_1019479019557862_1256767587072281898_n.jpg 1131w\" sizes=\"(max-width: 724px) 100vw, 724px\" \/><\/a><\/figure><\/li><\/ul><\/figure>\n\n\n\n<p><\/p>\n","protected":false},"excerpt":{"rendered":"<p>RECUPERO DATA PRESSO L&#8217;ARA DI IERONE IL 31 AGOSTO 2024 ALLE ORE 21 Ieri sera, a Noto, \u00e8 accaduto qualcosa di incredibile e gravissimo: una vera e propria mortificazione per l&#8217;arte e la musica di qualit\u00e0 che da sempre connota gli eventi firmati Coro Lirico&#8230;<\/p>\n","protected":false},"author":1,"featured_media":0,"parent":0,"menu_order":0,"comment_status":"closed","ping_status":"closed","template":"","meta":{"footnotes":""},"class_list":["post-16090","page","type-page","status-publish","hentry"],"_links":{"self":[{"href":"https:\/\/coroliricosiciliano.com\/index.php?rest_route=\/wp\/v2\/pages\/16090","targetHints":{"allow":["GET"]}}],"collection":[{"href":"https:\/\/coroliricosiciliano.com\/index.php?rest_route=\/wp\/v2\/pages"}],"about":[{"href":"https:\/\/coroliricosiciliano.com\/index.php?rest_route=\/wp\/v2\/types\/page"}],"author":[{"embeddable":true,"href":"https:\/\/coroliricosiciliano.com\/index.php?rest_route=\/wp\/v2\/users\/1"}],"replies":[{"embeddable":true,"href":"https:\/\/coroliricosiciliano.com\/index.php?rest_route=%2Fwp%2Fv2%2Fcomments&post=16090"}],"version-history":[{"count":1,"href":"https:\/\/coroliricosiciliano.com\/index.php?rest_route=\/wp\/v2\/pages\/16090\/revisions"}],"predecessor-version":[{"id":16095,"href":"https:\/\/coroliricosiciliano.com\/index.php?rest_route=\/wp\/v2\/pages\/16090\/revisions\/16095"}],"wp:attachment":[{"href":"https:\/\/coroliricosiciliano.com\/index.php?rest_route=%2Fwp%2Fv2%2Fmedia&parent=16090"}],"curies":[{"name":"wp","href":"https:\/\/api.w.org\/{rel}","templated":true}]}}