{"id":14,"date":"2021-05-03T18:01:00","date_gmt":"2021-05-03T16:01:00","guid":{"rendered":"http:\/\/www.coroliricosiciliano.com\/?page_id=14"},"modified":"2021-05-03T18:01:00","modified_gmt":"2021-05-03T16:01:00","slug":"2017-2","status":"publish","type":"page","link":"https:\/\/coroliricosiciliano.com\/?page_id=14","title":{"rendered":"2017"},"content":{"rendered":"\n<p><strong>31 GENNAIO<\/strong><\/p>\n\n\n\n<p>Settimana Musicale Agatina 2017<br>Prende il via domani, 1 febbraio alle 20, nella magnifica cornice della Monumentale Badia di Sant&#8217;Agata, a Catania, la Settimana Musicale Agatina con la Prima Esecuzione della &#8220;Missa Ingenua Sum&#8221; di Agatino Nicola Couturier, dedicata nel 1905 alla Martire etnea e con un recital pianistico di Gianfranco Pappalardo Fiumara con musiche di Bach, Bellini, Mozart, Beethoven, Czerny.<br>Secondo imperdibile appuntamento il 4 febbraio alle 20 sempre presso la Badia con il Gran Gala Lirico del Coro Lirico Siciliano con musiche di Bellini, Verdi, Mascagni, Leoncavallo e il Premio Sicanorum Cantica ai due grandi artisti siciliani Daniela Schillaci e Simone Alaimo<\/p>\n\n\n\n<p><strong>4 FEBBRAIO&nbsp;<\/strong><\/p>\n\n\n\n<p>Ancora una magnifica recensione a firma del musicologo Giovanni Pasqualino per BelliniNews in merito all&#8217;evento concertistico inaugurale della Settimana Musicale Agatina 2017.<\/p>\n\n\n\n<p>&#8220;&#8230;L&#8217;interpretazione dei due brani da parte dell&#8217;ensemble da camera del coro lirico siciliano formato da Serena Amelia Cravana, Emanuela Privitera (soprani); Antonella Arena, Daniela Calcamo (alti); Fabio Distefano, Alberto Munaf\u00f2 Siragusa (tenori) e Riccardo Bosco e Daniele Cannav\u00f2 (Bassi) \u00e8 stata puntuale e precisa, non senza profonde vibrazioni di partecipata spiritualit\u00e0. Il maestro Francesco Costa ha diretto come al suo solito con estremo rigore e compostezza ma nello stesso tempo facendo trasparire dalle due composizioni (&#8230;) sicuramente ricche di altissima religiosit\u00e0 e commovente pathos, la loro traboccante pietas mistica e religiosa&#8230;&#8221;<\/p>\n\n\n\n<p>&#8212;<\/p>\n\n\n\n<p>Recensione a firma del critico musicale Sergio Sciacca per LA SICILIA del 3 febbraio 2017 relativa al concerto inaugurale della Settimana Musicale Agatina che si \u00e8 svolto l&#8217;1 febbraio presso la Monumentale Badia di Sant&#8217;Agata<br>&#8220;&#8230;dentro la monumentale Badia (&#8230;) si eseguivano le note spirituali che uniscono il nostro secolo con la nobile dichiarazione di fede della Diva Agatha: note lunghe, uniformit\u00e0 dello stile, mentre la necessaria variet\u00e0 del disegno si manifestava nel contrasto continuo tra le voci del coro (diretto con talento da Francesco Costa e costituito da Serena Amelia Cravana, Emanuela Privitera, Antonella Arena, Daniela Calcamo, Fabio Distefano, Alberto Munaf\u00f2 Siragusa, Riccardo Bosco e Daniele Cannav\u00f2): le voci acute indicavano la ricerca dell&#8217;assoluto, quelle basse davano forma alla umanit\u00e0 pi\u00f9 consapevole in un gioco di corrispondenze di cui lo stesso santuario che accoglieva il concerto \u00e8 prova con la continua successione delle linee curve e diritte (&#8230;) un complesso unitario (dal momento che la ricerca documentaria e la trascrizione dei testi si deve a Daniela Calcamo e Daniele Cannav\u00f2) per una preghiera concertata di grande intensit\u00e0 (&#8230;) applausi prolungati e graditissimi fuori programma&#8221;<\/p>\n\n\n\n<p><strong>10 FEBBRAIO<\/strong><\/p>\n\n\n\n<p>Una recensione molto bella a firma di Sergio Sciacca per La Sicilia del 7 febbraio 2017 sulla Settimana Musicale Agatina e il Premio Sicanorum Cantica a Daniela Schillaci e Simone Alaimo, che si \u00e8 svolto il 4 febbraio alle 20 nella Monumentale Badia di Sant&#8217;Agata alla presenza dell&#8217;Arcivescovo Metropolita di Catania Salvatore Gristina e del Cardinale Agostino Vallini, Vicario Generale di Papa Francesco<br><\/p>\n\n\n\n<p>&#8220;&#8230;E&#8217; seguito poi (vivamente applaudito dal pubblico e del quale si \u00e8 compiaciuto l&#8217;Arcivescovo Metropolita Salvatore Gristina) un concerto del Coro Lirico Siciliano (Maestro Accompagnatore al Pianoforte Gaetano Costa) che \u00e8 passato dalle pi\u00f9 amate pagine del repertorio dal Nabucco ai Lombardi verdiani, fino all&#8217;inno pasquale della Cavalleria&#8230; una bella serata, dunue, e ancora di pi\u00f9 un concreto incoraggiamento a cercare nella musica non soltanto lo svago di qualche ora, ma la forza interiore per affrontare i momenti ardui dell&#8217;esistenza&#8230;&#8221;<\/p>\n\n\n\n<p><strong>05 APRILE<\/strong><\/p>\n\n\n\n<p>Recensioni sulla CAVALLERIA RUSTICANA di P. Mascagni in scena presso il Teatro Metropolitan di Catania.<br><br>A. R. Fontana &#8211; Bellini News &#8220;&#8230;Il coro lirico siciliano, ha ben assecondato l&#8217;evolversi della passione e le intemperanze agogiche della partitura, marcando i tratti delle scene d&#8217;insieme con espressivit\u00e0 trascinante&#8230;&#8221;<br><br>E. Guccione &#8211; New Sicilia &#8211; &#8220;&#8230;Ad impreziosire l\u2019intera messa in scena la partecipazione del Coro Lirico Siciliano diretto dal M\u00b0 Francesco Costa&#8230;&#8221;<\/p>\n\n\n\n<p><strong>18 LUGLIO<\/strong><\/p>\n\n\n\n<p>Grazie, Maestro, per queste bellissime parole, che ricambiamo facendole i complimenti per la sua preparazione, per l&#8217;eleganza, il savoir faire, la competenza, la mano sicura che ha condotto in porto una bellissima produzione.<br>&#8220;&#8230;e, permettetemi, un particolare plauso al Coro Lirico Siciliano, con il suo maestro del coro Francesco Costa e il suo presidente Alberto Munaf\u00f2 Siragusa. Preparatissimi e con un colore di rara bellezza, hanno dato alla Carmen un contributo fondamentale per la riuscita finale dello spettacolo.<\/p>\n\n\n\n<p><strong>22 AGOSTO<\/strong><\/p>\n\n\n\n<p>Recensione per il &#8220;Giornale di Sicilia&#8221; a firma dello storico e critico musicale&nbsp;Aldo Mattina&nbsp;sull&#8217;Aida di G. Verdi in scena presso il Teatro antico di Taormina il 19 e il 21 Agosto per il Festival Taormina Opera Stars.<br>&#8220;&#8230;lo splendido Coro Lirico Siciliano istruito da Francesco Costa&#8230;&#8221;<\/p>\n\n\n\n<p><strong>29 AGOSTO<\/strong><\/p>\n\n\n\n<p>Recensione per BELLINI NEWS a firma del critico musicale Giuliana Cutore sul Gala Lirico in scena presso il Teatro Antico di Taormina per il Mythos Opera Festival.<br>&#8220;&#8230;Il Coro Lirico Siciliano, punta di diamante della serata, che ha aperto con l&#8217;Ave verum corpus di Wolfgang Amadeus Mozart, in onore della Dess\u00ec, proseguendo poi con \u201cVa&#8217; pensiero\u201d da Nabucco di Giuseppe Verdi e concludendo con \u201cInneggiamo il Signor non \u00e8 morto\u201d da Cavalleria Rusticana di Pietro Mascagni, ha confermato ancora una volta la sua indubbia professionalit\u00e0, l&#8217;affiatamento dei suoi componenti e la grande musicalit\u00e0 e fedelt\u00e0 testuale del direttore Francesco Costa&#8230;&#8221;<\/p>\n","protected":false},"excerpt":{"rendered":"<p>31 GENNAIO Settimana Musicale Agatina 2017Prende il via domani, 1 febbraio alle 20, nella magnifica cornice della Monumentale Badia di Sant&#8217;Agata, a Catania, la Settimana Musicale Agatina con la Prima Esecuzione della &#8220;Missa Ingenua Sum&#8221; di Agatino Nicola Couturier, dedicata nel 1905 alla Martire etnea&#8230;<\/p>\n","protected":false},"author":1,"featured_media":0,"parent":0,"menu_order":0,"comment_status":"closed","ping_status":"closed","template":"","meta":{"footnotes":""},"class_list":["post-14","page","type-page","status-publish","hentry"],"_links":{"self":[{"href":"https:\/\/coroliricosiciliano.com\/index.php?rest_route=\/wp\/v2\/pages\/14","targetHints":{"allow":["GET"]}}],"collection":[{"href":"https:\/\/coroliricosiciliano.com\/index.php?rest_route=\/wp\/v2\/pages"}],"about":[{"href":"https:\/\/coroliricosiciliano.com\/index.php?rest_route=\/wp\/v2\/types\/page"}],"author":[{"embeddable":true,"href":"https:\/\/coroliricosiciliano.com\/index.php?rest_route=\/wp\/v2\/users\/1"}],"replies":[{"embeddable":true,"href":"https:\/\/coroliricosiciliano.com\/index.php?rest_route=%2Fwp%2Fv2%2Fcomments&post=14"}],"version-history":[{"count":1,"href":"https:\/\/coroliricosiciliano.com\/index.php?rest_route=\/wp\/v2\/pages\/14\/revisions"}],"predecessor-version":[{"id":15,"href":"https:\/\/coroliricosiciliano.com\/index.php?rest_route=\/wp\/v2\/pages\/14\/revisions\/15"}],"wp:attachment":[{"href":"https:\/\/coroliricosiciliano.com\/index.php?rest_route=%2Fwp%2Fv2%2Fmedia&parent=14"}],"curies":[{"name":"wp","href":"https:\/\/api.w.org\/{rel}","templated":true}]}}