{"id":10,"date":"2021-05-03T17:59:47","date_gmt":"2021-05-03T15:59:47","guid":{"rendered":"http:\/\/www.coroliricosiciliano.com\/?page_id=10"},"modified":"2021-05-03T17:59:47","modified_gmt":"2021-05-03T15:59:47","slug":"2015-2","status":"publish","type":"page","link":"https:\/\/coroliricosiciliano.com\/?page_id=10","title":{"rendered":"2015"},"content":{"rendered":"\n<p><strong>RECENSIONI 2015<\/strong><\/p>\n\n\n\n<p><strong>&#8220;I VESPRI&#8221;, luglio 2015,&nbsp; a firma del critico e storico musicale A. Mattina<\/strong><\/p>\n\n\n\n<p>&#8220;&#8230;il Coro Lirico Siciliano, istruito da Francesco Costa, ha dimostrato ancora una volta l&#8217;ottimo livello di professionalit\u00e0 raggiunto in modo sempre crescente&#8230;&#8221;<\/p>\n\n\n\n<p><strong>Iteatridellest.com, ottobre 2015<\/strong><\/p>\n\n\n\n<p>FESTIVAL INTERNAZIONALE DELLA MUSICA DI MACAO, CINA, CONCERTO LIRICO CORALE.<\/p>\n\n\n\n<p>\u201c\u2026Il concerto lirico corale, trasmesso in diretta dalla Televisione, ha suggellato le qualit\u00e0 artistiche e vocali della compagine siciliana, divenuta ormai una delle realt\u00e0 liriche pi\u00f9 rilevanti e apprezzate non solo del panorama nazionale ma anche internazionale\u2026\u201d<\/p>\n\n\n\n<p>\u201c\u2026Un grande evento che ha riscosso ininterrotti applausi; una serata magica che conferma le eccezionali qualit\u00e0 della compagine artistica vanto della Sicilia nel mondo\u2026\u201d<\/p>\n\n\n\n<p><strong>Iteatridellest.com, settembre 2015, R. Cucchi<\/strong><\/p>\n\n\n\n<p>IL CORO LIRICO SICILIANO AMBASCIATORE DEL BEL CANTO IN CINA<\/p>\n\n\n\n<p>\u201c\u2026Non conosce sosta il successo del Coro Lirico Siciliano, diretto da Francesco Costa, che ormai si \u00e8 imposto non solo nel panorama nazionale, ma anche in quello internazionale come una delle migliori realt\u00e0 liriche\u2026\u201d<\/p>\n\n\n\n<p>\u201c\u2026 nella storia trentennale del blasonato Festival l\u2019unico coro a ritornare per pi\u00f9 anni consecutivi \u00e8 proprio il Coro Lirico Siciliano, scelto per le grandi qualit\u00e0 vocali, sceniche, la cura nel fraseggio e il timbro nobile che caratterizza la compagine corale, vanto della Sicilia nel mondo&#8230;\u201d<\/p>\n\n\n\n<p><strong>ARTINMOVIMENTO, 19\/08\/2015 A. Gentiluomo<\/strong><\/p>\n\n\n\n<p>BARBIERE DI SIVIGLIA DI G. ROSSINI ANDATO IN SCENA IL 14 AGOSTO PER LA STAGIONE LIRICA 2015 DEL TEATRO ANTICO DI TAORMINA.<\/p>\n\n\n\n<p>&#8220;&#8230;Veramente buona la performance del Coro Lirico Siciliano istruito da Francesco Costa. Grande precisione negli attacchi, particolare attenzione ai \u201ccrescendo rossiniani\u201d, notevole l\u2019emozione vocale che ricorda lo stile del coro della scala degli anni Cinquanta, mai pesante ma sempre rotondo e solenne, tale da pesare in modo determinante sul suono generale&#8230;&#8221;<\/p>\n\n\n\n<p><strong>CORRIERE DELLO SPETTACOLO, 06\/08\/2015 Laura Cavallaro<\/strong><\/p>\n\n\n\n<p>CARMEN DI BIZET IN SCENA PRESSO IL TEATRO ANTICO DI TAORMINA PER LA STAGIONE LIRICA 2015<\/p>\n\n\n\n<p>&#8220;Ottimamente preparato il Coro Lirico Siciliano, il quale ha ben figurato sia sotto l&#8217;aspetto vocale che interpretativo grazie alla guida del Maestro Costa, il cui nome \u00e8 ormai sinonimo di qualit\u00e0&#8221;<\/p>\n","protected":false},"excerpt":{"rendered":"<p>RECENSIONI 2015 &#8220;I VESPRI&#8221;, luglio 2015,&nbsp; a firma del critico e storico musicale A. Mattina &#8220;&#8230;il Coro Lirico Siciliano, istruito da Francesco Costa, ha dimostrato ancora una volta l&#8217;ottimo livello di professionalit\u00e0 raggiunto in modo sempre crescente&#8230;&#8221; Iteatridellest.com, ottobre 2015 FESTIVAL INTERNAZIONALE DELLA MUSICA DI&#8230;<\/p>\n","protected":false},"author":1,"featured_media":0,"parent":0,"menu_order":0,"comment_status":"closed","ping_status":"closed","template":"","meta":{"footnotes":""},"class_list":["post-10","page","type-page","status-publish","hentry"],"_links":{"self":[{"href":"https:\/\/coroliricosiciliano.com\/index.php?rest_route=\/wp\/v2\/pages\/10","targetHints":{"allow":["GET"]}}],"collection":[{"href":"https:\/\/coroliricosiciliano.com\/index.php?rest_route=\/wp\/v2\/pages"}],"about":[{"href":"https:\/\/coroliricosiciliano.com\/index.php?rest_route=\/wp\/v2\/types\/page"}],"author":[{"embeddable":true,"href":"https:\/\/coroliricosiciliano.com\/index.php?rest_route=\/wp\/v2\/users\/1"}],"replies":[{"embeddable":true,"href":"https:\/\/coroliricosiciliano.com\/index.php?rest_route=%2Fwp%2Fv2%2Fcomments&post=10"}],"version-history":[{"count":1,"href":"https:\/\/coroliricosiciliano.com\/index.php?rest_route=\/wp\/v2\/pages\/10\/revisions"}],"predecessor-version":[{"id":11,"href":"https:\/\/coroliricosiciliano.com\/index.php?rest_route=\/wp\/v2\/pages\/10\/revisions\/11"}],"wp:attachment":[{"href":"https:\/\/coroliricosiciliano.com\/index.php?rest_route=%2Fwp%2Fv2%2Fmedia&parent=10"}],"curies":[{"name":"wp","href":"https:\/\/api.w.org\/{rel}","templated":true}]}}